{"id":2,"date":"2022-11-01T20:51:16","date_gmt":"2022-11-01T20:51:16","guid":{"rendered":"https:\/\/gaetmo.com\/?page_id=2"},"modified":"2022-11-02T22:22:43","modified_gmt":"2022-11-02T22:22:43","slug":"sample-page","status":"publish","type":"page","link":"https:\/\/gaetmo.com\/","title":{"rendered":"Gaetmo Motorsport"},"content":{"rendered":"\t\t<div data-elementor-type=\"wp-page\" data-elementor-id=\"2\" class=\"elementor elementor-2\">\n\t\t\t\t\t\t<section class=\"elementor-section elementor-top-section elementor-element elementor-element-69d1b6a0 elementor-section-stretched elementor-section-boxed elementor-section-height-default elementor-section-height-default\" data-id=\"69d1b6a0\" data-element_type=\"section\" data-e-type=\"section\" data-settings=\"{&quot;stretch_section&quot;:&quot;section-stretched&quot;}\">\n\t\t\t\t\t\t<div class=\"elementor-container elementor-column-gap-wide\">\n\t\t\t\t\t<div class=\"elementor-column elementor-col-50 elementor-top-column elementor-element elementor-element-4db8c32\" data-id=\"4db8c32\" data-element_type=\"column\" data-e-type=\"column\">\n\t\t\t<div class=\"elementor-widget-wrap elementor-element-populated\">\n\t\t\t\t\t\t<div class=\"elementor-element elementor-element-a2edc00 elementor-widget elementor-widget-text-editor\" data-id=\"a2edc00\" data-element_type=\"widget\" data-e-type=\"widget\" data-widget_type=\"text-editor.default\">\n\t\t\t\t<div class=\"elementor-widget-container\">\n\t\t\t\t\t\t\t\t\t<p>With over 35 years of experience in engine building and 17 years in rallying, G\u00e4tmo assembles engines that have proven themselves all over the world.<\/p>\n<p>Engines prepared by G\u00e4tmo have won national and international titles and championships, among others in Formula 3, Formula Ford and Formula Renault.<\/p>\n<p>We design and calculate special components (e.g. camshafts, cylinder liners, shock absorbers and complete gearboxes, etc.).<\/p>\n<p>In addition, we manufacture special components, prototypes and small series of all kinds (machining, carbon fibre laminates and bending of sports exhaust systems and roll cages).<\/p>\n<p>Engines prepared by G\u00e4tmo have won national and international titles and championships, among others in formula sports such as Formula 3, Formula Ford and Formula Renault.<\/p>\n<p>Also in rally sport:<\/p>\n<p><\/p>\n<p>Rally-European Champion E Weber, 1992, Group A, Mitsubishi<br \/>World Champion R. Madeira, 1995 Group N, Mitsubishi<br \/>Paris-Dakar Off Road Endurance Competition<br \/>Trans Chaco Off Road Endurance Rally in Paraguay Diverse Super Primes throughout South America<\/p>\t\t\t\t\t\t\t\t<\/div>\n\t\t\t\t<\/div>\n\t\t\t\t\t<\/div>\n\t\t<\/div>\n\t\t\t\t<div class=\"elementor-column elementor-col-50 elementor-top-column elementor-element elementor-element-4350630e\" data-id=\"4350630e\" data-element_type=\"column\" data-e-type=\"column\">\n\t\t\t<div class=\"elementor-widget-wrap elementor-element-populated\">\n\t\t\t\t\t\t<div class=\"elementor-element elementor-element-4f01f2fe elementor-widget elementor-widget-text-editor\" data-id=\"4f01f2fe\" data-element_type=\"widget\" data-e-type=\"widget\" data-widget_type=\"text-editor.default\">\n\t\t\t\t<div class=\"elementor-widget-container\">\n\t\t\t\t\t\t\t\t\t<p>Mit einer Erfahrung von \u00fcber 35 Jahren im Motorenbau und 17 Jahren im Rallyesport werden bei G\u00e4tmo Motoren zusammengebaut, welche sich schon weltweit bewiesen haben.<\/p>\n<p><\/p>\n<p><\/p>\n<p>Von G\u00e4tmo preparierte Motoren haben nationale sowie internationale Titel und Meisterschaften gewonnen, unter anderem im Formelsport wie Formel 3, Formel Ford und Formel Renault.<\/p>\n<p><\/p>\n<p><\/p>\n<p>Wir konstruieren und berechnen Sonderbauteile (z.B. Nockenwellen, Zylinderlaufb\u00fcchsen, Sto\u00dfd\u00e4mpfer und komplette Getriebe, u.v.m.).<\/p>\n<p><\/p>\n<p><\/p>\n<p>Dar\u00fcber hinaus fertigen wir Sonderbauteile, Prototypen und Kleinserien aller Art (spanende Bearbeitung, Kohlenfaserlaminate und Biegen von Sportauspuffanlagen und \u00dcberrollk\u00e4figen).<\/p>\n<p><\/p>\n<p><\/p>\n<p><\/p>\n<p><\/p>\n<p>Von G\u00e4tmo preparierte Motoren haben Nationale sowie Internationale Titel und Meisterschaften gewonnen, unter anderem im Formelsport wie Formel 3, Formel Ford und Formel Renault.<\/p>\n<p><\/p>\n<p><\/p>\n<p>Des weiteren im Rallye Sport:<\/p>\n<p><\/p>\n<p><\/p>\n<p>Rally-European Champion E Weber, 1992, Group A, Mitsubishi<br \/>World Champion R. Madeira, 1995 Group N, Mitsubishi<br \/>Paris-Dakar Off Road Endurance Competition<br \/>Trans Chaco Off Road Endurance Rally in Paraguay Diverse Super Primes in ganz S\u00fcd America<\/p>\t\t\t\t\t\t\t\t<\/div>\n\t\t\t\t<\/div>\n\t\t\t\t\t<\/div>\n\t\t<\/div>\n\t\t\t\t\t<\/div>\n\t\t<\/section>\n\t\t\t\t<section class=\"elementor-section elementor-top-section elementor-element elementor-element-7eff737 elementor-section-boxed elementor-section-height-default elementor-section-height-default\" data-id=\"7eff737\" data-element_type=\"section\" data-e-type=\"section\">\n\t\t\t\t\t\t<div class=\"elementor-container elementor-column-gap-default\">\n\t\t\t\t\t<div class=\"elementor-column elementor-col-100 elementor-top-column elementor-element elementor-element-844b9f4\" data-id=\"844b9f4\" data-element_type=\"column\" data-e-type=\"column\">\n\t\t\t<div class=\"elementor-widget-wrap elementor-element-populated\">\n\t\t\t\t\t\t<div class=\"elementor-element elementor-element-4d873e2 elementor-widget elementor-widget-google_maps\" data-id=\"4d873e2\" data-element_type=\"widget\" data-e-type=\"widget\" data-widget_type=\"google_maps.default\">\n\t\t\t\t<div class=\"elementor-widget-container\">\n\t\t\t\t\t\t\t<div class=\"elementor-custom-embed\">\n\t\t\t<iframe loading=\"lazy\"\n\t\t\t\t\tsrc=\"https:\/\/maps.google.com\/maps?q=gaetmo%20motorsport&#038;t=m&#038;z=10&#038;output=embed&#038;iwloc=near\"\n\t\t\t\t\ttitle=\"gaetmo motorsport\"\n\t\t\t\t\taria-label=\"gaetmo motorsport\"\n\t\t\t><\/iframe>\n\t\t<\/div>\n\t\t\t\t\t\t<\/div>\n\t\t\t\t<\/div>\n\t\t\t\t\t<\/div>\n\t\t<\/div>\n\t\t\t\t\t<\/div>\n\t\t<\/section>\n\t\t\t\t<\/div>\n\t\t","protected":false},"excerpt":{"rendered":"<p>With over 35 years of experience in engine building and 17 years in rallying, G\u00e4tmo assembles engines that have proven themselves all over the world. Engines prepared by G\u00e4tmo have won national and international titles and championships, among others in Formula 3, Formula Ford and Formula Renault. We design and calculate special components (e.g. camshafts, [&hellip;]<\/p>\n","protected":false},"author":1,"featured_media":0,"parent":0,"menu_order":0,"comment_status":"closed","ping_status":"open","template":"","meta":{"footnotes":""},"class_list":["post-2","page","type-page","status-publish","hentry"],"_links":{"self":[{"href":"https:\/\/gaetmo.com\/index.php?rest_route=\/wp\/v2\/pages\/2","targetHints":{"allow":["GET"]}}],"collection":[{"href":"https:\/\/gaetmo.com\/index.php?rest_route=\/wp\/v2\/pages"}],"about":[{"href":"https:\/\/gaetmo.com\/index.php?rest_route=\/wp\/v2\/types\/page"}],"author":[{"embeddable":true,"href":"https:\/\/gaetmo.com\/index.php?rest_route=\/wp\/v2\/users\/1"}],"replies":[{"embeddable":true,"href":"https:\/\/gaetmo.com\/index.php?rest_route=%2Fwp%2Fv2%2Fcomments&post=2"}],"version-history":[{"count":50,"href":"https:\/\/gaetmo.com\/index.php?rest_route=\/wp\/v2\/pages\/2\/revisions"}],"predecessor-version":[{"id":116,"href":"https:\/\/gaetmo.com\/index.php?rest_route=\/wp\/v2\/pages\/2\/revisions\/116"}],"wp:attachment":[{"href":"https:\/\/gaetmo.com\/index.php?rest_route=%2Fwp%2Fv2%2Fmedia&parent=2"}],"curies":[{"name":"wp","href":"https:\/\/api.w.org\/{rel}","templated":true}]}}